{"id":50,"date":"2020-09-27T07:30:12","date_gmt":"2020-09-27T07:30:12","guid":{"rendered":"https:\/\/lundehoej-grf.dk\/?page_id=50"},"modified":"2020-09-27T14:51:17","modified_gmt":"2020-09-27T14:51:17","slug":"baadelauget-holloeselund-strand","status":"publish","type":"page","link":"https:\/\/lundehoej-grf.dk\/?page_id=50","title":{"rendered":"B\u00e5delauget Holl\u00f8selund Strand"},"content":{"rendered":"\n<h2 class=\"wp-block-heading\">B\u00e5delauget Holl\u00f8selund Strand &#8211; Ved Kaprifolievej<\/h2>\n\n\n\n<p>B\u00e5delauget er oprettet i henhold til overenskomst med Gribskov kommune, som tillader op til ni jollepladser og 24 kajakpladser (med to kajakker). B\u00e5denes st\u00f8rrelse er begr\u00e6nset til max. 15 fod. Der m\u00e5 forventes en vis ventetid p\u00e5 en b\u00e5dplads, men du kan mod et mindre gebyr blive opf\u00f8rt p\u00e5 venteliste. Generalforsamlingen fasts\u00e6tter \u00e5rligt kontingentet, der hovedsageligt skal d\u00e6kke afgiften til kommunen og ligeledes det depositum der ved indmeldelse skal erl\u00e6gges til sikkerhed for fjernelse af b\u00e5d, ved udmeldelse.<\/p>\n\n\n\n<p>For yderligere oplysninger og tilmelding kontakt:<\/p>\n\n\n\n<p><strong>Peter Christensen<br><\/strong>Mobil: 51511047<br>Mail:peter.a.christensen@mail.tele.dk<\/p>\n\n\n\n<p><strong>Henrik Gerner Hansen<br><\/strong>Mobil: 5150643<br>Mail: hansenstyles@gmail.com<\/p>\n","protected":false},"excerpt":{"rendered":"<p>B\u00e5delauget Holl\u00f8selund Strand &#8211; Ved Kaprifolievej B\u00e5delauget er oprettet i henhold til overenskomst med Gribskov kommune, som tillader op til ni jollepladser og 24 kajakpladser (med to kajakker). B\u00e5denes st\u00f8rrelse er begr\u00e6nset til max. 15 fod. Der m\u00e5 forventes en &hellip; <a href=\"https:\/\/lundehoej-grf.dk\/?page_id=50\">L\u00e6s resten <span class=\"meta-nav\">&rarr;<\/span><\/a><\/p>\n","protected":false},"author":1,"featured_media":0,"parent":0,"menu_order":0,"comment_status":"closed","ping_status":"closed","template":"sidebar-page.php","meta":{"footnotes":""},"class_list":["post-50","page","type-page","status-publish","hentry"],"_links":{"self":[{"href":"https:\/\/lundehoej-grf.dk\/index.php?rest_route=\/wp\/v2\/pages\/50","targetHints":{"allow":["GET"]}}],"collection":[{"href":"https:\/\/lundehoej-grf.dk\/index.php?rest_route=\/wp\/v2\/pages"}],"about":[{"href":"https:\/\/lundehoej-grf.dk\/index.php?rest_route=\/wp\/v2\/types\/page"}],"author":[{"embeddable":true,"href":"https:\/\/lundehoej-grf.dk\/index.php?rest_route=\/wp\/v2\/users\/1"}],"replies":[{"embeddable":true,"href":"https:\/\/lundehoej-grf.dk\/index.php?rest_route=%2Fwp%2Fv2%2Fcomments&post=50"}],"version-history":[{"count":2,"href":"https:\/\/lundehoej-grf.dk\/index.php?rest_route=\/wp\/v2\/pages\/50\/revisions"}],"predecessor-version":[{"id":52,"href":"https:\/\/lundehoej-grf.dk\/index.php?rest_route=\/wp\/v2\/pages\/50\/revisions\/52"}],"wp:attachment":[{"href":"https:\/\/lundehoej-grf.dk\/index.php?rest_route=%2Fwp%2Fv2%2Fmedia&parent=50"}],"curies":[{"name":"wp","href":"https:\/\/api.w.org\/{rel}","templated":true}]}}